{"id":59,"date":"2025-01-02T05:35:18","date_gmt":"2025-01-02T05:35:18","guid":{"rendered":"https:\/\/zulmarconsulting.com\/?page_id=59"},"modified":"2025-01-03T23:25:04","modified_gmt":"2025-01-03T23:25:04","slug":"accueil","status":"publish","type":"page","link":"https:\/\/zulmarconsulting.com\/accueil\/","title":{"rendered":"Accueil"},"content":{"rendered":"<section id=\"home\" class=\"bde-section-59-100 bde-section\">\n              \n  \n  \n\t\n\n  <div class=\"section-background-overlay\"><\/div>\n\n\n<div class=\"section-container\"><div class=\"bde-div-59-105 bde-div\">\n  \n  \n\t\n\n\n\n<h1 class=\"bde-heading-59-101 bde-heading\">\nDes solutions innovantes pour vos besoins professionnels\n<\/h1><div class=\"bde-text-59-102 bde-text\">\nDes services sur mesure de gestion de projets, de communication, de relations publiques et de r\u00e9daction pour des r\u00e9sultats tangibles.<br>\n<\/div>\n<\/div><\/div>\n<\/section><section id=\"services\" class=\"bde-section-59-107 bde-section\">\n  \n  \n\t\n\n\n\n<div class=\"section-container\"><div class=\"bde-div-59-120 bde-div\">\n  \n  \n\t\n\n\n\n<div class=\"bde-div-59-121 bde-div\">\n  \n  \n\t\n\n\n\n<div class=\"bde-text-59-161 bde-text\">\nNos Services\n<\/div><h2 class=\"bde-heading-59-160 bde-heading\">\nDes solutions sur mesure\n<\/h2><div class=\"bde-text-59-172 bde-text\">\nSoci\u00e9t\u00e9 de conseil avant-gardiste, sp\u00e9cialis\u00e9e dans la gestion de projets, la communication, les relations avec la presse et la r\u00e9daction.\n<\/div>\n<\/div><div class=\"bde-div-59-175 bde-div\">\n  \n  \n\t\n\n\n\n<div class=\"bde-icon-box-59-164 bde-icon-box\">\n\n    \n            <div class=\"ee-iconbox-icon breakdance-icon-atom\" >\n    \n                    <svg xmlns=\"http:\/\/www.w3.org\/2000\/svg\" width=\"24\" height=\"24\" viewBox=\"0 0 24 24\" fill-rule=\"evenodd\" clip-rule=\"evenodd\"><path d=\"M12 2h2v2h2v3.702l7 2.618v12.68h1v1h-24v-1h1v-11h6v-8h2v-2h2v-2h1v2zm3 3h-7v18h1v-2h5v2h1v-18zm-2 17h-3v1h3v-1zm8 1h1v-11.987l-6-2.243v14.23h1v-2h4v2zm-14-10h-5v10h1v-2h3v2h1v-10zm-2 9h-1v1h1v-1zm15 0h-2v1h2v-1zm-16-5v2h-1v-2h1zm2 0v2h-1v-2h1zm5-10v12h-1v-12h1zm10 11v1h-4v-1h4zm-8-11v12h-1v-12h1zm8 9v1h-4v-1h4zm-17-2v2h-1v-2h1zm2 0v2h-1v-2h1zm15 0v1h-4v-1h4zm0-2v1h-4v-1h4zm-8-9h-3v1h3v-1z\"\/><\/svg>\n        \n        \n        \n            <\/div>\n    \n\n<div class=\"ee-iconbox-content\">\n      <p class=\"ee-iconbox-title bde-h3\" >R\u00e9daction de textes<\/p>\n        <div class=\"ee-iconbox-text\" >Cr\u00e9ation d'articles, de billets de blog et de contenu, de rapports, de manuels et d'autres documents techniques.<\/div>\n    <\/div>\n\n<\/div><div class=\"bde-icon-box-59-166 bde-icon-box\">\n\n    \n            <div class=\"ee-iconbox-icon breakdance-icon-atom\" >\n    \n                    <svg xmlns=\"http:\/\/www.w3.org\/2000\/svg\" width=\"24\" height=\"24\" viewBox=\"0 0 24 24\" fill-rule=\"evenodd\" clip-rule=\"evenodd\"><path d=\"M12.02 0c6.614.011 11.98 5.383 11.98 12 0 6.623-5.376 12-12 12-6.623 0-12-5.377-12-12 0-6.617 5.367-11.989 11.981-12h.039zm3.694 16h-7.427c.639 4.266 2.242 7 3.713 7 1.472 0 3.075-2.734 3.714-7m6.535 0h-5.523c-.426 2.985-1.321 5.402-2.485 6.771 3.669-.76 6.671-3.35 8.008-6.771m-14.974 0h-5.524c1.338 3.421 4.34 6.011 8.009 6.771-1.164-1.369-2.059-3.786-2.485-6.771m-.123-7h-5.736c-.331 1.166-.741 3.389 0 6h5.736c-.188-1.814-.215-3.925 0-6m8.691 0h-7.685c-.195 1.8-.225 3.927 0 6h7.685c.196-1.811.224-3.93 0-6m6.742 0h-5.736c.062.592.308 3.019 0 6h5.736c.741-2.612.331-4.835 0-6m-12.825-7.771c-3.669.76-6.671 3.35-8.009 6.771h5.524c.426-2.985 1.321-5.403 2.485-6.771m5.954 6.771c-.639-4.266-2.242-7-3.714-7-1.471 0-3.074 2.734-3.713 7h7.427zm-1.473-6.771c1.164 1.368 2.059 3.786 2.485 6.771h5.523c-1.337-3.421-4.339-6.011-8.008-6.771\"\/><\/svg>\n        \n        \n        \n            <\/div>\n    \n\n<div class=\"ee-iconbox-content\">\n      <p class=\"ee-iconbox-title bde-h3\" >Redaction de Projet<\/p>\n        <div class=\"ee-iconbox-text\" >Nous aidons \u00e0 la r\u00e9daction et \u00e0 et l'\u00e9laboration de propositions de projet d\u00e9taill\u00e9es <\/div>\n    <\/div>\n\n<\/div><div class=\"bde-icon-box-59-169 bde-icon-box\">\n\n    \n            <div class=\"ee-iconbox-icon breakdance-icon-atom\" >\n    \n                    <svg xmlns=\"http:\/\/www.w3.org\/2000\/svg\" width=\"24\" height=\"24\" viewBox=\"0 0 24 24\" fill-rule=\"evenodd\" clip-rule=\"evenodd\"><path d=\"M23.948 15.368c0-2.49-1.659-4.514-3.975-5.57l.027-.459c0-4.843-4.751-8.339-10-8.339-5.282 0-10 3.521-10 8.339 0 1.708.615 3.385 1.705 4.687.046 1.525-.851 3.713-1.66 5.308 2.168-.393 5.251-1.258 6.648-2.115.86.209 1.694.335 2.499.388 1.039 2.3 3.622 4.099 7.063 4.099.817 0 1.682-.103 2.583-.321 1.066.654 3.421 1.315 5.077 1.615-.618-1.218-1.303-2.888-1.268-4.053.833-.994 1.301-2.276 1.301-3.579zm-4.942 4.948c-.826.199-1.624.39-2.751.39-2.857 0-4.94-1.371-5.931-3.078 5.077-.099 8.712-3.187 9.508-6.798 1.866.952 3.116 2.626 3.116 4.538 0 .442.024 1.629-1.291 3.203-.022.732-.033 1.461.54 3.014-2.376-.642-2.981-1.14-3.191-1.269zm-12.481-4.167c-.599.368-1.569.986-4.737 1.782.865-2.133.938-3.232.906-4.281-.313-.373-1.694-1.853-1.694-4.311 0-4.047 4.038-7.339 9-7.339 4.963 0 9 3.292 9 7.339 0 3.511-3.412 7.3-8.924 7.3-1.603 0-2.821-.312-3.551-.49zm3.964-9.943c-.251-.764-1.577-.659-1.53.29-.143.313-.78 1.434-2.894 2.471-.667.326-1.065.928-1.065 1.607 0 1.11 1.023 1.804 2.085 1.643l1.043 1.153c.063.069.411.423.94.252l.608-.203c.506-.169.605-.749.377-1.085l-.538-.835c.566-.09 1.191-.018 1.454.039.199.236.552.34.846.237.41-.135.633-.579.49-1.019l-1.816-4.55zm-2.456 4.74l1.067 1.663-.292.098-1.411-1.559-.29.093c-.385.119-.919.068-1.103-.389-.147-.368 0-.797.478-1.031 2.193-1.077 3.017-2.284 3.297-2.835l1.45 3.64c-1.61-.392-2.974.241-3.196.32zm6.967-2.122c0 .155-.012.984-.36 1.68l-.868-.375c.372-.882.358-1.727.046-2.5-.32-.788-.909-1.4-1.771-1.759l.371-.87c.49.163 2.582 1.255 2.582 3.824zm-1.597-1.025c.299.736.248 1.545-.044 2.149l-.852-.355c.181-.466.252-.91.035-1.444-.202-.499-.553-.807-1.031-1.008l.362-.859c.764.319 1.261.854 1.53 1.517z\"\/><\/svg>\n        \n        \n        \n            <\/div>\n    \n\n<div class=\"ee-iconbox-content\">\n      <p class=\"ee-iconbox-title bde-h3\" >Presentation PowerPoint<\/p>\n        <div class=\"ee-iconbox-text\" >Nous concevons des pr\u00e9sentations PowerPoint attrayantes et efficaces.<\/div>\n    <\/div>\n\n<\/div><div class=\"bde-icon-box-59-171 bde-icon-box\">\n\n    \n            <div class=\"ee-iconbox-icon breakdance-icon-atom\" >\n    \n                    <svg xmlns=\"http:\/\/www.w3.org\/2000\/svg\" width=\"24\" height=\"24\" viewBox=\"0 0 24 24\" fill=\"none\">\n<path fill-rule=\"evenodd\" clip-rule=\"evenodd\" d=\"M24 23H0V2H24V23ZM4 22V18H1V22H4ZM19 22V3H5V22H19ZM23 22V18H20V22H23ZM17 12.5L8 17.5V7.5L17 12.5ZM20 13V17H23V13H20ZM4 17V13H1V17H4ZM9 15.8L14.941 12.5L9 9.2V15.8V15.8ZM20 8V12H23V8H20ZM4 12V8H1V12H4ZM20 3V7H23V3H20ZM4 7V3H1V7H4Z\"\/>\n<\/svg>\n        \n        \n        \n            <\/div>\n    \n\n<div class=\"ee-iconbox-content\">\n      <p class=\"ee-iconbox-title bde-h3\" >Sponsorship Proposal<\/p>\n        <div class=\"ee-iconbox-text\" > Nous r\u00e9digeons des communiqu\u00e9s de presse efficaces, \u00e9tablissons et entretenons des relations avec les m\u00e9dias.<\/div>\n    <\/div>\n\n<\/div><div class=\"bde-icon-box-59-176 bde-icon-box\">\n\n    \n            <div class=\"ee-iconbox-icon breakdance-icon-atom\" >\n    \n                    <svg xmlns=\"http:\/\/www.w3.org\/2000\/svg\" width=\"24\" height=\"24\" viewBox=\"0 0 24 24\" fill=\"none\">\n<path fill-rule=\"evenodd\" clip-rule=\"evenodd\" d=\"M24 23H0V2H24V23ZM4 22V18H1V22H4ZM19 22V3H5V22H19ZM23 22V18H20V22H23ZM17 12.5L8 17.5V7.5L17 12.5ZM20 13V17H23V13H20ZM4 17V13H1V17H4ZM9 15.8L14.941 12.5L9 9.2V15.8V15.8ZM20 8V12H23V8H20ZM4 12V8H1V12H4ZM20 3V7H23V3H20ZM4 7V3H1V7H4Z\"\/>\n<\/svg>\n        \n        \n        \n            <\/div>\n    \n\n<div class=\"ee-iconbox-content\">\n      <p class=\"ee-iconbox-title bde-h3\" >Relations Presse<\/p>\n        <div class=\"ee-iconbox-text\" >Nous r\u00e9digeons des communiqu\u00e9s de presse efficaces, \u00e9tablissons et entretenons des relations avec les m\u00e9dias.<\/div>\n    <\/div>\n\n<\/div><div class=\"bde-icon-box-59-177 bde-icon-box\">\n\n    \n            <div class=\"ee-iconbox-icon breakdance-icon-atom\" >\n    \n                    <svg xmlns=\"http:\/\/www.w3.org\/2000\/svg\" width=\"24\" height=\"24\" viewBox=\"0 0 24 24\" fill=\"none\">\n<path fill-rule=\"evenodd\" clip-rule=\"evenodd\" d=\"M24 23H0V2H24V23ZM4 22V18H1V22H4ZM19 22V3H5V22H19ZM23 22V18H20V22H23ZM17 12.5L8 17.5V7.5L17 12.5ZM20 13V17H23V13H20ZM4 17V13H1V17H4ZM9 15.8L14.941 12.5L9 9.2V15.8V15.8ZM20 8V12H23V8H20ZM4 12V8H1V12H4ZM20 3V7H23V3H20ZM4 7V3H1V7H4Z\"\/>\n<\/svg>\n        \n        \n        \n            <\/div>\n    \n\n<div class=\"ee-iconbox-content\">\n      <p class=\"ee-iconbox-title bde-h3\" >Communication<\/p>\n        <div class=\"ee-iconbox-text\" >Nous \u00e9laborons et mettons en \u0153uvre des strat\u00e9gies de communication adapt\u00e9es \u00e0 vos objectifs.<\/div>\n    <\/div>\n\n<\/div>\n<\/div>\n<\/div><\/div>\n<\/section><section id=\"about\" class=\"bde-section-59-129 bde-section\">\n              \n  \n  \n\t\n\n  <div class=\"section-background-overlay\"><\/div>\n\n\n<div class=\"section-container\"><div class=\"bde-columns-59-130 bde-columns\"><div class=\"bde-column-59-131 bde-column\">\n  \n  \n\t\n\n\n\n<h2 class=\"bde-heading-59-134 bde-heading\">\nDes propositions innovantes\n<\/h2><div class=\"bde-text-59-135 bde-text\">\nZulmar Consulting Agency est sp\u00e9cialis\u00e9e dans la gestion de projets, la communication, les relations presse et la r\u00e9daction. Notre approche unique combine l'expertise traditionnelle avec des m\u00e9thodes innovantes pour fournir des solutions sur mesure \u00e0 nos clients.<br><br>\n<\/div><div class=\"bde-div-59-141 bde-div\">\n  \n  \n\t\n\n\n\n<div class=\"bde-text-59-111 bde-text\">\nInnovation\n<\/div><div class=\"bde-text-59-137 bde-text\">\nCombine l'expertise traditionnelle avec des m\u00e9thodes innovantes pour fournir des solutions sur mesure aux clients.\n<\/div>\n<\/div><div class=\"bde-div-59-142 bde-div\">\n  \n  \n\t\n\n\n\n<div class=\"bde-text-59-140 bde-text\">\nExcellence\n<\/div><div class=\"bde-text-59-139 bde-text\">\nGuid\u00e9e par des principes d'int\u00e9grit\u00e9, de transparence et d'excellence, notre mission est de transformer les visions en r\u00e9alit\u00e9s.\n<\/div>\n<\/div>\n<\/div><div class=\"bde-column-59-132 bde-column\">\n  \n  \n\t\n\n\n\n<img decoding=\"async\" class=\"bde-image2-59-133 bde-image2\" src=\"https:\/\/zulmarconsulting.com\/wp-content\/uploads\/2025\/01\/businesswomen-working-laptop_53876-15182.jpg\" loading=\"lazy\" srcset=\"https:\/\/zulmarconsulting.com\/wp-content\/uploads\/2025\/01\/businesswomen-working-laptop_53876-15182.jpg 1060w, https:\/\/zulmarconsulting.com\/wp-content\/uploads\/2025\/01\/businesswomen-working-laptop_53876-15182-300x200.jpg 300w, https:\/\/zulmarconsulting.com\/wp-content\/uploads\/2025\/01\/businesswomen-working-laptop_53876-15182-1024x682.jpg 1024w, https:\/\/zulmarconsulting.com\/wp-content\/uploads\/2025\/01\/businesswomen-working-laptop_53876-15182-768x512.jpg 768w\" sizes=\"(max-width: 1060px) 100vw, 1060px\">\n<\/div><\/div><\/div>\n<\/section><section id=\"clients\" class=\"bde-section-59-199 bde-section\">\n  \n  \n\t\n\n\n\n<div class=\"section-container\"><h2 class=\"bde-heading-59-208 bde-heading\">\nClients Satisfaits<br>\n<\/h2><div class=\"bde-advancedslider-59-200 bde-advancedslider\">\n<div class=\"breakdance-swiper-wrapper\" data-swiper-id=\"200\">\n  <div class=\"swiper\">\n    <div class=\"swiper-wrapper\">\n      <div class=\"bde-advancedslide-59-201 bde-advancedslide swiper-slide\">\n<div class=\"advanced-slider__slide\">\n  <div class=\"bde-simple-testimonial-59-202 bde-simple-testimonial\">\n\n\n\n    \n        \n\n\n\n    <div class='simple-testimonial__quote'>\n        <blockquote >\n            Collaborer avec Zulmar a \u00e9t\u00e9 une exp\u00e9rience enrichissante, et nous sommes impatients de renouveler cette collaboration \u00e0 l'avenir.\n        <\/blockquote>\n\n        \n            \n            \n                                <svg class='simple-testimonial__quote-mark left-icon' xmlns=\"http:\/\/www.w3.org\/2000\/svg\" viewBox=\"0 0 200 200\">\n        <path d=\"M161.017 14C181.988 14 199 31.501 199 53.094c0 21.58-17.012 39.094-37.983 39.094-37.97 0-12.661 75.568 37.983 75.568V186c-90.386.013-125.803-172-37.983-172ZM51.6 14c20.959 0 37.97 17.501 37.97 39.094 0 21.58-17.011 39.094-37.97 39.094-37.983 0-12.674 75.568 37.97 75.568V186C-.802 186.013-36.22 14 51.6 14Z\" fill=\"currentColor\"\/>\n    <\/svg>\n    <svg class='simple-testimonial__quote-mark right-icon' xmlns=\"http:\/\/www.w3.org\/2000\/svg\" viewBox=\"0 0 200 200\">\n        <path d=\"M161.017 14C181.988 14 199 31.501 199 53.094c0 21.58-17.012 39.094-37.983 39.094-37.97 0-12.661 75.568 37.983 75.568V186c-90.386.013-125.803-172-37.983-172ZM51.6 14c20.959 0 37.97 17.501 37.97 39.094 0 21.58-17.011 39.094-37.97 39.094-37.983 0-12.674 75.568 37.97 75.568V186C-.802 186.013-36.22 14 51.6 14Z\" fill=\"currentColor\"\/>\n    <\/svg>\n\n            \n            \n            \n        \n    <\/div>\n\n\n    <div class='simple-testimonial__author' >\n        Jean Belony Murat\n    <\/div>\n\n    <div class='simple-testimonial__author-info' >\n        Li\u00e8ge\n    <\/div>\n\n\n\n<\/div>\n<\/div>\n<\/div><div class=\"bde-advancedslide-59-209 bde-advancedslide swiper-slide\">\n<div class=\"advanced-slider__slide\">\n  <div class=\"bde-simple-testimonial-59-210 bde-simple-testimonial\">\n\n\n\n    \n        \n\n\n\n    <div class='simple-testimonial__quote'>\n        <blockquote >\n            Zulmar Consulting a d\u00e9pass\u00e9 mes attentes gr\u00e2ce \u00e0 ses solutions sur mesure. Je les recommande vivement.\n        <\/blockquote>\n\n        \n            \n            \n                                <svg class='simple-testimonial__quote-mark left-icon' xmlns=\"http:\/\/www.w3.org\/2000\/svg\" viewBox=\"0 0 200 200\">\n        <path d=\"M161.017 14C181.988 14 199 31.501 199 53.094c0 21.58-17.012 39.094-37.983 39.094-37.97 0-12.661 75.568 37.983 75.568V186c-90.386.013-125.803-172-37.983-172ZM51.6 14c20.959 0 37.97 17.501 37.97 39.094 0 21.58-17.011 39.094-37.97 39.094-37.983 0-12.674 75.568 37.97 75.568V186C-.802 186.013-36.22 14 51.6 14Z\" fill=\"currentColor\"\/>\n    <\/svg>\n    <svg class='simple-testimonial__quote-mark right-icon' xmlns=\"http:\/\/www.w3.org\/2000\/svg\" viewBox=\"0 0 200 200\">\n        <path d=\"M161.017 14C181.988 14 199 31.501 199 53.094c0 21.58-17.012 39.094-37.983 39.094-37.97 0-12.661 75.568 37.983 75.568V186c-90.386.013-125.803-172-37.983-172ZM51.6 14c20.959 0 37.97 17.501 37.97 39.094 0 21.58-17.011 39.094-37.97 39.094-37.983 0-12.674 75.568 37.97 75.568V186C-.802 186.013-36.22 14 51.6 14Z\" fill=\"currentColor\"\/>\n    <\/svg>\n\n            \n            \n            \n        \n    <\/div>\n\n\n    <div class='simple-testimonial__author' >\n        Emily Johnson\n    <\/div>\n\n    <div class='simple-testimonial__author-info' >\n        New York\n    <\/div>\n\n\n\n<\/div>\n<\/div>\n<\/div><div class=\"bde-advancedslide-59-211 bde-advancedslide swiper-slide\">\n<div class=\"advanced-slider__slide\">\n  <div class=\"bde-simple-testimonial-59-212 bde-simple-testimonial\">\n\n\n\n    \n        \n\n\n\n    <div class='simple-testimonial__quote'>\n        <blockquote >\n            Zulmar Consulting a offert des services remarquables, surpassant nos attentes\n        <\/blockquote>\n\n        \n            \n            \n                                <svg class='simple-testimonial__quote-mark left-icon' xmlns=\"http:\/\/www.w3.org\/2000\/svg\" viewBox=\"0 0 200 200\">\n        <path d=\"M161.017 14C181.988 14 199 31.501 199 53.094c0 21.58-17.012 39.094-37.983 39.094-37.97 0-12.661 75.568 37.983 75.568V186c-90.386.013-125.803-172-37.983-172ZM51.6 14c20.959 0 37.97 17.501 37.97 39.094 0 21.58-17.011 39.094-37.97 39.094-37.983 0-12.674 75.568 37.97 75.568V186C-.802 186.013-36.22 14 51.6 14Z\" fill=\"currentColor\"\/>\n    <\/svg>\n    <svg class='simple-testimonial__quote-mark right-icon' xmlns=\"http:\/\/www.w3.org\/2000\/svg\" viewBox=\"0 0 200 200\">\n        <path d=\"M161.017 14C181.988 14 199 31.501 199 53.094c0 21.58-17.012 39.094-37.983 39.094-37.97 0-12.661 75.568 37.983 75.568V186c-90.386.013-125.803-172-37.983-172ZM51.6 14c20.959 0 37.97 17.501 37.97 39.094 0 21.58-17.011 39.094-37.97 39.094-37.983 0-12.674 75.568 37.97 75.568V186C-.802 186.013-36.22 14 51.6 14Z\" fill=\"currentColor\"\/>\n    <\/svg>\n\n            \n            \n            \n        \n    <\/div>\n\n\n    <div class='simple-testimonial__author' >\n        Clients Satisfaits\n    <\/div>\n\n    <div class='simple-testimonial__author-info' >\n        Port-au-Prince\n    <\/div>\n\n\n\n<\/div>\n<\/div>\n<\/div>\n    <\/div>\n  <\/div>\n\n      \n            <div class=\"swiper-pagination\"><\/div>\n    \n<\/div>\n\n<\/div><\/div>\n<\/section><section id=\"contact\" class=\"bde-section-59-239 bde-section\">\n  \n  \n\t\n\n\n\n<div class=\"section-container\"><div class=\"bde-columns-59-240 bde-columns\"><div class=\"bde-column-59-241 bde-column\">\n  \n  \n\t\n\n\n\n<h2 class=\"bde-heading-59-242 bde-heading\">\nContactez-nous<br>\n<\/h2><div class=\"bde-text-59-243 bde-text\">\nContactez-nous pour obtenir des solutions innovantes \u00e0 vos besoins professionnels.\n<\/div><div class=\"bde-icon-list-59-244 bde-icon-list\">\n<ul>\n  \n              \n    <li>\n              <div class='bde-icon-list__item-wrapper'>\n      \n      <span class='bde-icon-list__icon'>\n        <svg xmlns=\"http:\/\/www.w3.org\/2000\/svg\" width=\"24\" height=\"24\" viewBox=\"0 0 24 24\" fill-rule=\"evenodd\" clip-rule=\"evenodd\"><path d=\"M12 2h2v2h2v3.702l7 2.618v12.68h1v1h-24v-1h1v-11h6v-8h2v-2h2v-2h1v2zm3 3h-7v18h1v-2h5v2h1v-18zm-2 17h-3v1h3v-1zm8 1h1v-11.987l-6-2.243v14.23h1v-2h4v2zm-14-10h-5v10h1v-2h3v2h1v-10zm-2 9h-1v1h1v-1zm15 0h-2v1h2v-1zm-16-5v2h-1v-2h1zm2 0v2h-1v-2h1zm5-10v12h-1v-12h1zm10 11v1h-4v-1h4zm-8-11v12h-1v-12h1zm8 9v1h-4v-1h4zm-17-2v2h-1v-2h1zm2 0v2h-1v-2h1zm15 0v1h-4v-1h4zm0-2v1h-4v-1h4zm-8-9h-3v1h3v-1z\"\/><\/svg>\n      <\/span>\n      <span class='bde-icon-list__text' >\n      1236 Melville Road, Los Angeles, CA 67890\n      <\/span>\n              <\/div>\n      \n    <\/li>\n\n  \n              \n    <li>\n                      \n            \n            \n\n    \n    \n    \n    \n    \n    <a class=\"breakdance-link bde-icon-list__item-wrapper\" href=\"mailto:support@example.com\" target=\"_self\" data-type=\"url\"  >\n\n      \n      <span class='bde-icon-list__icon'>\n        <svg xmlns=\"http:\/\/www.w3.org\/2000\/svg\" width=\"24\" height=\"24\" viewBox=\"0 0 24 24\" fill-rule=\"evenodd\" clip-rule=\"evenodd\"><path d=\"M24 21h-24v-18h24v18zm-23-16.477v15.477h22v-15.477l-10.999 10-11.001-10zm21.089-.523h-20.176l10.088 9.171 10.088-9.171z\"\/><\/svg>\n      <\/span>\n      <span class='bde-icon-list__text' >\n      support@example.com\n      <\/span>\n                  <\/a>\n\n      \n    <\/li>\n\n  \n              \n    <li>\n                      \n            \n            \n\n    \n    \n    \n    \n    \n    <a class=\"breakdance-link bde-icon-list__item-wrapper\" href=\"mailto:make-an-order@example.com\" target=\"_self\" data-type=\"url\"  >\n\n      \n      <span class='bde-icon-list__icon'>\n        <svg xmlns=\"http:\/\/www.w3.org\/2000\/svg\" width=\"24\" height=\"24\" viewBox=\"0 0 24 24\" fill-rule=\"evenodd\" clip-rule=\"evenodd\"><path d=\"M24 21h-24v-18h24v18zm-23-16.477v15.477h22v-15.477l-10.999 10-11.001-10zm21.089-.523h-20.176l10.088 9.171 10.088-9.171z\"\/><\/svg>\n      <\/span>\n      <span class='bde-icon-list__text' >\n      make-an-order@example.com\n      <\/span>\n                  <\/a>\n\n      \n    <\/li>\n\n  \n              \n    <li>\n              <div class='bde-icon-list__item-wrapper'>\n      \n      <span class='bde-icon-list__icon'>\n        <svg xmlns=\"http:\/\/www.w3.org\/2000\/svg\" width=\"24\" height=\"24\" viewBox=\"0 0 24 24\" fill=\"none\">\n<g clip-path=\"url(#clip0_626_2)\">\n<path fill-rule=\"evenodd\" clip-rule=\"evenodd\" d=\"M8.26016 1.289L6.69616 2.061C0.903156 5.081 9.49416 23.005 16.0062 23.005C16.4662 23.005 16.9102 22.911 17.3232 22.721L18.8652 21.966L15.9672 16.372L14.4272 17.126C14.2462 17.213 14.0432 17.26 13.8302 17.26C11.2692 17.26 6.98916 9.056 9.58916 7.664L11.1352 6.901L8.26016 1.289V1.289ZM16.0062 24C10.3262 24 3.78516 12.886 3.78516 6.168C3.78516 3.749 4.61816 2.022 6.24216 1.176L8.62416 0L12.4812 7.347L10.0442 8.548C8.60516 9.32 12.4532 16.972 14.0002 16.228L16.3992 15.049L20.2152 22.409C20.2152 22.409 17.8552 23.571 17.7392 23.624C17.1922 23.875 16.6102 24 16.0062 24\"\/>\n<\/g>\n<defs>\n<clipPath id=\"clip0_626_2\">\n<rect width=\"24\" height=\"24\" fill=\"white\"\/>\n<\/clipPath>\n<\/defs>\n<\/svg>\n      <\/span>\n      <span class='bde-icon-list__text' >\n      (541) 754-3010\n      <\/span>\n              <\/div>\n      \n    <\/li>\n\n  \n              \n    <li>\n              <div class='bde-icon-list__item-wrapper'>\n      \n      <span class='bde-icon-list__icon'>\n        <svg xmlns=\"http:\/\/www.w3.org\/2000\/svg\" width=\"24\" height=\"24\" viewBox=\"0 0 24 24\" fill-rule=\"evenodd\" clip-rule=\"evenodd\"><path d=\"M24 23h-24v-12h4v-10h11.328l4.672 5.031v4.969h4v12zm-20-11h-3v10h22v-10h-3v5h-16v-5zm10-10h-9v14h14v-9h-5v-5zm2 12h-8v-1h8v1zm0-2h-8v-1h8v1zm0-2h-8v-1h8v1zm-1-7.751v3.751h3.573l-3.573-3.751z\"\/><\/svg>\n      <\/span>\n      <span class='bde-icon-list__text' >\n      (541) 754-3011\n      <\/span>\n              <\/div>\n      \n    <\/li>\n\n  <\/ul>\n\n<\/div>\n<\/div><div class=\"bde-column-59-245 bde-column\">\n  \n  \n\t\n\n\n\n<div class=\"bde-form-builder-59-246 bde-form-builder\">\n\n\n<form id=\"contact-form246\" class=\"breakdance-form breakdance-form--vertical \" data-options=\"{&quot;slug&quot;:&quot;custom&quot;,&quot;name&quot;:&quot;Contact Form&quot;,&quot;ajaxUrl&quot;:&quot;https:\\\/\\\/zulmarconsulting.com\\\/wp-admin\\\/admin-ajax.php&quot;,&quot;clearOnSuccess&quot;:true,&quot;hideOnSuccess&quot;:false,&quot;successMessage&quot;:&quot;Your message has been received!&quot;,&quot;errorMessage&quot;:&quot;Something went wrong&quot;,&quot;redirect&quot;:false,&quot;redirectUrl&quot;:&quot;&quot;,&quot;customJavaScript&quot;:&quot;&quot;,&quot;recaptcha&quot;:{&quot;key&quot;:&quot;&quot;,&quot;enabled&quot;:false},&quot;honeypot_enabled&quot;:false,&quot;popupsOnSuccess&quot;:[],&quot;popupsOnError&quot;:[]}\" data-steps=\"0\" >\n  \n  \n  \n<div class=\"breakdance-form-field breakdance-form-field--text\" >\n    \n    \n            <label class=\"breakdance-form-field__label\" for=\"name\">\n            Name<span class=\"breakdance-form-field__required\">*<\/span>\n        <\/label>\n    \n    <input\n    class=\"breakdance-form-field__input\"\n    id=\"name\"\n    aria-describedby=\"name\"\n    type=\"text\"\n    name=\"fields[name]\"\n    placeholder=\"\"\n    value=\"\"\n                \n        \n        \n    required\n    \n    \n>\n\n\n    \n    \n<\/div>\n\n\n<div class=\"breakdance-form-field breakdance-form-field--email\" >\n    \n    \n            <label class=\"breakdance-form-field__label\" for=\"email\">\n            Email<span class=\"breakdance-form-field__required\">*<\/span>\n        <\/label>\n    \n    <input\n    class=\"breakdance-form-field__input\"\n    id=\"email\"\n    aria-describedby=\"email\"\n    type=\"email\"\n    name=\"fields[email]\"\n    placeholder=\"\"\n    value=\"\"\n                \n        \n        \n    required\n    \n    \n>\n\n\n    \n    \n<\/div>\n\n\n<div class=\"breakdance-form-field breakdance-form-field--textarea\" >\n    \n    \n            <label class=\"breakdance-form-field__label\" for=\"message\">\n            Message<span class=\"breakdance-form-field__required\">*<\/span>\n        <\/label>\n    \n    <textarea\n    class=\"breakdance-form-field__input\"\n    id=\"message\"\n    aria-describedby=\"message\"\n    type=\"textarea\"\n    name=\"fields[message]\"\n        placeholder=\"\"\n    required\n    >\n<\/textarea>\n\n\n    \n    \n<\/div>\n\n\n  \n\n<div class=\"breakdance-form-field breakdance-form-footer\">\n    \n    \n                                    \n    \n    \n    \n    \n            \n            <button type=\"submit\" class=\"button-atom button-atom--primary breakdance-form-button breakdance-form-button__submit\"  >\n    \n        <span class=\"button-atom__text\">Submit<\/span>\n\n        \n        \n            <\/button>\n    \n    <input type=\"hidden\" name=\"form_id\" value=\"246\">\n    <input type=\"hidden\" name=\"post_id\" value=\"59\">\n<\/div>\n\n  \n<\/form>\n\n\n\n<\/div>\n<\/div><\/div><\/div>\n<\/section>","protected":false},"excerpt":{"rendered":"<p>Des solutions innovantes pour vos besoins professionnels Des services sur mesure de gestion de projets, de communication, de relations publiques et de r\u00e9daction pour des r\u00e9sultats tangibles. Nos Services Des solutions sur mesure Soci\u00e9t\u00e9 de conseil avant-gardiste, sp\u00e9cialis\u00e9e dans la gestion de projets, la communication, les relations avec la presse et la r\u00e9daction. R\u00e9daction de [&hellip;]<\/p>\n","protected":false},"author":1,"featured_media":0,"parent":0,"menu_order":0,"comment_status":"closed","ping_status":"closed","template":"","meta":{"_breakdance_hide_in_design_set":false,"_breakdance_tags":"","footnotes":""},"class_list":["post-59","page","type-page","status-publish","hentry"],"jetpack_sharing_enabled":true,"_links":{"self":[{"href":"https:\/\/zulmarconsulting.com\/accueil\/wp-json\/wp\/v2\/pages\/59","targetHints":{"allow":["GET"]}}],"collection":[{"href":"https:\/\/zulmarconsulting.com\/accueil\/wp-json\/wp\/v2\/pages"}],"about":[{"href":"https:\/\/zulmarconsulting.com\/accueil\/wp-json\/wp\/v2\/types\/page"}],"author":[{"embeddable":true,"href":"https:\/\/zulmarconsulting.com\/accueil\/wp-json\/wp\/v2\/users\/1"}],"replies":[{"embeddable":true,"href":"https:\/\/zulmarconsulting.com\/accueil\/wp-json\/wp\/v2\/comments?post=59"}],"version-history":[{"count":36,"href":"https:\/\/zulmarconsulting.com\/accueil\/wp-json\/wp\/v2\/pages\/59\/revisions"}],"predecessor-version":[{"id":137,"href":"https:\/\/zulmarconsulting.com\/accueil\/wp-json\/wp\/v2\/pages\/59\/revisions\/137"}],"wp:attachment":[{"href":"https:\/\/zulmarconsulting.com\/accueil\/wp-json\/wp\/v2\/media?parent=59"}],"curies":[{"name":"wp","href":"https:\/\/api.w.org\/{rel}","templated":true}]}}